{"id":2581,"date":"2025-06-09T12:09:06","date_gmt":"2025-06-09T12:09:06","guid":{"rendered":"https:\/\/working-station2.com\/dineandsleep-v2\/?page_id=2581"},"modified":"2025-07-24T16:38:13","modified_gmt":"2025-07-24T16:38:13","slug":"gastronomie-magazin","status":"publish","type":"page","link":"https:\/\/dineandsleep.de\/hamburg-restaurant-tipps\/seo\/gastronomie-magazin\/","title":{"rendered":"Gastronomie Magazin"},"content":{"rendered":"\t\t<div data-elementor-type=\"wp-page\" data-elementor-id=\"2581\" class=\"elementor elementor-2581\" data-elementor-post-type=\"page\">\n\t\t\t\t\t\t<section class=\"elementor-section elementor-top-section elementor-element elementor-element-44f5b0a elementor-section-stretched elementor-section-boxed elementor-section-height-default elementor-section-height-default\" data-id=\"44f5b0a\" data-element_type=\"section\" data-e-type=\"section\" data-settings=\"{&quot;stretch_section&quot;:&quot;section-stretched&quot;,&quot;background_background&quot;:&quot;classic&quot;}\">\n\t\t\t\t\t\t\t<div class=\"elementor-background-overlay\"><\/div>\n\t\t\t\t\t\t\t<div class=\"elementor-container elementor-column-gap-extended\">\n\t\t\t\t\t<div class=\"elementor-column elementor-col-100 elementor-top-column elementor-element elementor-element-fcbb5b9\" data-id=\"fcbb5b9\" data-element_type=\"column\" data-e-type=\"column\">\n\t\t\t<div class=\"elementor-widget-wrap elementor-element-populated\">\n\t\t\t\t\t\t<div class=\"elementor-element elementor-element-ed65183 elementor-widget elementor-widget-text-editor\" data-id=\"ed65183\" data-element_type=\"widget\" data-e-type=\"widget\" data-widget_type=\"text-editor.default\">\n\t\t\t\t<div class=\"elementor-widget-container\">\n\t\t\t\t\t\t\t\t\tAktuelle Trends, spannende Geschichten und kulinarische Vielfalt\t\t\t\t\t\t\t\t<\/div>\n\t\t\t\t<\/div>\n\t\t\t\t<div class=\"elementor-element elementor-element-d45b26d elementor-align-center elementor-widget elementor-widget-button\" data-id=\"d45b26d\" data-element_type=\"widget\" data-e-type=\"widget\" data-widget_type=\"button.default\">\n\t\t\t\t<div class=\"elementor-widget-container\">\n\t\t\t\t\t\t\t\t\t<div class=\"elementor-button-wrapper\">\n\t\t\t\t\t<a class=\"elementor-button elementor-button-link elementor-size-sm\" href=\"#mehr-lesen\">\n\t\t\t\t\t\t<span class=\"elementor-button-content-wrapper\">\n\t\t\t\t\t\t\t\t\t<span class=\"elementor-button-text\">Mehr lesen<\/span>\n\t\t\t\t\t<\/span>\n\t\t\t\t\t<\/a>\n\t\t\t\t<\/div>\n\t\t\t\t\t\t\t\t<\/div>\n\t\t\t\t<\/div>\n\t\t\t\t\t<\/div>\n\t\t<\/div>\n\t\t\t\t\t<\/div>\n\t\t<\/section>\n\t\t\t\t<section class=\"elementor-section elementor-top-section elementor-element elementor-element-718ae94 elementor-section-stretched elementor-section-content-middle elementor-section-boxed elementor-section-height-default elementor-section-height-default\" data-id=\"718ae94\" data-element_type=\"section\" data-e-type=\"section\" id=\"mehr-lesen\" data-settings=\"{&quot;stretch_section&quot;:&quot;section-stretched&quot;}\">\n\t\t\t\t\t\t<div class=\"elementor-container elementor-column-gap-extended\">\n\t\t\t\t\t<div class=\"elementor-column elementor-col-50 elementor-top-column elementor-element elementor-element-ffb4f03\" data-id=\"ffb4f03\" data-element_type=\"column\" data-e-type=\"column\">\n\t\t\t<div class=\"elementor-widget-wrap elementor-element-populated\">\n\t\t\t\t\t\t<div class=\"elementor-element elementor-element-ab68758 elementor-widget elementor-widget-text-editor\" data-id=\"ab68758\" data-element_type=\"widget\" data-e-type=\"widget\" data-widget_type=\"text-editor.default\">\n\t\t\t\t<div class=\"elementor-widget-container\">\n\t\t\t\t\t\t\t\t\t<p data-start=\"197\" data-end=\"529\">Willkommen im <strong data-start=\"211\" data-end=\"234\">Gastronomie Magazin<\/strong> \u2013 deinem vielseitigen Magazin rund um die Welt der Gastronomie. Ob neue Restaurantkonzepte, angesagte Lokale, besondere Genussorte oder spannende Einblicke hinter die Kulissen der Gastronomiebranche \u2013 hier findest du alles, was Gastronomen, Foodies und Genussliebhaber gleicherma\u00dfen begeistert.<\/p><p data-start=\"531\" data-end=\"875\">Das <strong data-start=\"535\" data-end=\"558\">Gastronomie Magazin<\/strong> informiert dich regelm\u00e4\u00dfig \u00fcber aktuelle Entwicklungen in der Gastroszene: von innovativen K\u00fcchenstilen \u00fcber nachhaltige Gastronomiekonzepte bis hin zu Interviews mit Restaurantbetreibern, K\u00f6chinnen und Branchenkennern. Entdecke, welche kulinarischen Ideen gerade im Trend liegen \u2013 lokal, national und international.<\/p><p data-start=\"877\" data-end=\"1250\">Neben informativen Berichten und Analysen erwarten dich auch exklusive Empfehlungen, Portraits au\u00dfergew\u00f6hnlicher Gastronomiebetriebe sowie Praxistipps f\u00fcr Restaurantbesucher und Gastronomiebeteiligte. Ob du selbst in der Branche arbeitest oder einfach ein neugieriger Genie\u00dfer bist \u2013 das <strong data-start=\"1165\" data-end=\"1188\">Gastronomie Magazin<\/strong> bietet dir fundierte Einblicke, Inspiration und Orientierung.<\/p><p data-start=\"1252\" data-end=\"1409\">Tauche jetzt ein in die Welt der Gastronomie \u2013 mit dem <strong data-start=\"1307\" data-end=\"1330\">Gastronomie Magazin<\/strong> als deinem verl\u00e4sslichen Begleiter f\u00fcr Geschmack, Qualit\u00e4t und Branchenwissen.<\/p>\t\t\t\t\t\t\t\t<\/div>\n\t\t\t\t<\/div>\n\t\t\t\t<div class=\"elementor-element elementor-element-8efb737 elementor-align-left elementor-widget elementor-widget-button\" data-id=\"8efb737\" data-element_type=\"widget\" data-e-type=\"widget\" data-widget_type=\"button.default\">\n\t\t\t\t<div class=\"elementor-widget-container\">\n\t\t\t\t\t\t\t\t\t<div class=\"elementor-button-wrapper\">\n\t\t\t\t\t<a class=\"elementor-button elementor-button-link elementor-size-sm\" href=\"https:\/\/dineandsleep.de\/hamburg-480230152974931\/anfrage\/\">\n\t\t\t\t\t\t<span class=\"elementor-button-content-wrapper\">\n\t\t\t\t\t\t<span class=\"elementor-button-icon\">\n\t\t\t\t<svg aria-hidden=\"true\" class=\"e-font-icon-svg e-fas-long-arrow-alt-right\" viewBox=\"0 0 448 512\" xmlns=\"http:\/\/www.w3.org\/2000\/svg\"><path d=\"M313.941 216H12c-6.627 0-12 5.373-12 12v56c0 6.627 5.373 12 12 12h301.941v46.059c0 21.382 25.851 32.09 40.971 16.971l86.059-86.059c9.373-9.373 9.373-24.569 0-33.941l-86.059-86.059c-15.119-15.119-40.971-4.411-40.971 16.971V216z\"><\/path><\/svg>\t\t\t<\/span>\n\t\t\t\t\t\t\t\t\t<span class=\"elementor-button-text\">Anfrage<\/span>\n\t\t\t\t\t<\/span>\n\t\t\t\t\t<\/a>\n\t\t\t\t<\/div>\n\t\t\t\t\t\t\t\t<\/div>\n\t\t\t\t<\/div>\n\t\t\t\t\t<\/div>\n\t\t<\/div>\n\t\t\t\t<div class=\"elementor-column elementor-col-50 elementor-top-column elementor-element elementor-element-c260e45\" data-id=\"c260e45\" data-element_type=\"column\" data-e-type=\"column\">\n\t\t\t<div class=\"elementor-widget-wrap elementor-element-populated\">\n\t\t\t\t\t\t<div class=\"elementor-element elementor-element-ae4cb70 elementor-widget elementor-widget-image\" data-id=\"ae4cb70\" data-element_type=\"widget\" data-e-type=\"widget\" data-widget_type=\"image.default\">\n\t\t\t\t<div class=\"elementor-widget-container\">\n\t\t\t\t\t\t\t\t\t\t\t\t\t\t\t<img fetchpriority=\"high\" decoding=\"async\" width=\"1260\" height=\"985\" src=\"https:\/\/dineandsleep.de\/hamburg-restaurant-tipps\/wp-content\/uploads\/2025\/06\/1260X985.png\" class=\"attachment-full size-full wp-image-2374\" alt=\"\" srcset=\"https:\/\/dineandsleep.de\/hamburg-restaurant-tipps\/wp-content\/uploads\/2025\/06\/1260X985.png 1260w, https:\/\/dineandsleep.de\/hamburg-restaurant-tipps\/wp-content\/uploads\/2025\/06\/1260X985-300x235.png 300w, https:\/\/dineandsleep.de\/hamburg-restaurant-tipps\/wp-content\/uploads\/2025\/06\/1260X985-1024x801.png 1024w, https:\/\/dineandsleep.de\/hamburg-restaurant-tipps\/wp-content\/uploads\/2025\/06\/1260X985-768x600.png 768w, https:\/\/dineandsleep.de\/hamburg-restaurant-tipps\/wp-content\/uploads\/2025\/06\/1260X985-640x500.png 640w, https:\/\/dineandsleep.de\/hamburg-restaurant-tipps\/wp-content\/uploads\/2025\/06\/1260X985-600x469.png 600w\" sizes=\"(max-width: 1260px) 100vw, 1260px\" \/>\t\t\t\t\t\t\t\t\t\t\t\t\t\t\t<\/div>\n\t\t\t\t<\/div>\n\t\t\t\t\t<\/div>\n\t\t<\/div>\n\t\t\t\t\t<\/div>\n\t\t<\/section>\n\t\t\t\t<section class=\"elementor-section elementor-top-section elementor-element elementor-element-c54def2 elementor-section-stretched elementor-section-boxed elementor-section-height-default elementor-section-height-default\" data-id=\"c54def2\" data-element_type=\"section\" data-e-type=\"section\" data-settings=\"{&quot;stretch_section&quot;:&quot;section-stretched&quot;,&quot;background_background&quot;:&quot;classic&quot;}\">\n\t\t\t\t\t\t\t<div class=\"elementor-background-overlay\"><\/div>\n\t\t\t\t\t\t\t<div class=\"elementor-container elementor-column-gap-extended\">\n\t\t\t\t\t<div class=\"elementor-column elementor-col-100 elementor-top-column elementor-element elementor-element-6a6e7bd\" data-id=\"6a6e7bd\" data-element_type=\"column\" data-e-type=\"column\">\n\t\t\t<div class=\"elementor-widget-wrap elementor-element-populated\">\n\t\t\t\t\t\t<div class=\"elementor-element elementor-element-b77817a elementor-widget elementor-widget-heading\" data-id=\"b77817a\" data-element_type=\"widget\" data-e-type=\"widget\" data-widget_type=\"heading.default\">\n\t\t\t\t<div class=\"elementor-widget-container\">\n\t\t\t\t\t<h2 class=\"elementor-heading-title elementor-size-default\">Die besten Orte zum Genie\u00dfen &amp; \u00dcbernachten<\/h2>\t\t\t\t<\/div>\n\t\t\t\t<\/div>\n\t\t\t\t<div class=\"elementor-element elementor-element-b60519c elementor-widget__width-initial elementor-widget elementor-widget-text-editor\" data-id=\"b60519c\" data-element_type=\"widget\" data-e-type=\"widget\" data-widget_type=\"text-editor.default\">\n\t\t\t\t<div class=\"elementor-widget-container\">\n\t\t\t\t\t\t\t\t\tEntdecken Sie ausgew\u00e4hlte Restaurants und Hotels in ganz Deutschland \u2013 Ihr Guide f\u00fcr Genuss und Gastlichkeit mit t\u00e4glichen Highlights und Top-Empfehlungen.\t\t\t\t\t\t\t\t<\/div>\n\t\t\t\t<\/div>\n\t\t\t\t\t<\/div>\n\t\t<\/div>\n\t\t\t\t\t<\/div>\n\t\t<\/section>\n\t\t\t\t<\/div>\n\t\t","protected":false},"excerpt":{"rendered":"<p>Aktuelle Trends, spannende Geschichten und kulinarische Vielfalt Mehr lesen Willkommen im Gastronomie Magazin \u2013 deinem vielseitigen Magazin rund um die Welt der Gastronomie. Ob neue Restaurantkonzepte, angesagte Lokale, besondere Genussorte oder spannende Einblicke hinter die Kulissen der Gastronomiebranche \u2013 hier findest du alles, was Gastronomen, Foodies und Genussliebhaber gleicherma\u00dfen begeistert. Das Gastronomie Magazin informiert dich [&hellip;]<\/p>\n","protected":false},"author":1,"featured_media":0,"parent":2427,"menu_order":0,"comment_status":"closed","ping_status":"closed","template":"","meta":{"footnotes":""},"class_list":["post-2581","page","type-page","status-publish","hentry"],"yoast_head":"<!-- This site is optimized with the Yoast SEO plugin v27.5 - https:\/\/yoast.com\/product\/yoast-seo-wordpress\/ -->\n<title>Gastronomie Magazin<\/title>\n<meta name=\"description\" content=\"Gastronomie Magazin, Aktuelle Trends, spannende Geschichten und kulinarische Vielfalt\" \/>\n<meta name=\"robots\" content=\"index, follow, max-snippet:-1, max-image-preview:large, max-video-preview:-1\" \/>\n<link rel=\"canonical\" href=\"https:\/\/dineandsleep.de\/hamburg-restaurant-tipps\/seo\/gastronomie-magazin\/\" \/>\n<meta property=\"og:locale\" content=\"de_DE\" \/>\n<meta property=\"og:type\" content=\"article\" \/>\n<meta property=\"og:title\" content=\"Gastronomie Magazin\" \/>\n<meta property=\"og:description\" content=\"Gastronomie Magazin, Aktuelle Trends, spannende Geschichten und kulinarische Vielfalt\" \/>\n<meta property=\"og:url\" content=\"https:\/\/dineandsleep.de\/hamburg-restaurant-tipps\/seo\/gastronomie-magazin\/\" \/>\n<meta property=\"og:site_name\" content=\"Dine &amp; Sleep\" \/>\n<meta property=\"article:modified_time\" content=\"2025-07-24T16:38:13+00:00\" \/>\n<meta property=\"og:image\" content=\"https:\/\/dineandsleep.de\/hamburg-480230152974931\/wp-content\/uploads\/2025\/06\/1260X985.png\" \/>\n<meta name=\"twitter:card\" content=\"summary_large_image\" \/>\n<meta name=\"twitter:label1\" content=\"Gesch\u00e4tzte Lesezeit\" \/>\n\t<meta name=\"twitter:data1\" content=\"2\u00a0Minuten\" \/>\n<script type=\"application\/ld+json\" class=\"yoast-schema-graph\">{\"@context\":\"https:\\\/\\\/schema.org\",\"@graph\":[{\"@type\":\"WebPage\",\"@id\":\"https:\\\/\\\/dineandsleep.de\\\/hamburg-restaurant-tipps\\\/seo\\\/gastronomie-magazin\\\/\",\"url\":\"https:\\\/\\\/dineandsleep.de\\\/hamburg-restaurant-tipps\\\/seo\\\/gastronomie-magazin\\\/\",\"name\":\"Gastronomie Magazin\",\"isPartOf\":{\"@id\":\"https:\\\/\\\/dineandsleep.de\\\/hamburg-restaurant-tipps\\\/#website\"},\"primaryImageOfPage\":{\"@id\":\"https:\\\/\\\/dineandsleep.de\\\/hamburg-restaurant-tipps\\\/seo\\\/gastronomie-magazin\\\/#primaryimage\"},\"image\":{\"@id\":\"https:\\\/\\\/dineandsleep.de\\\/hamburg-restaurant-tipps\\\/seo\\\/gastronomie-magazin\\\/#primaryimage\"},\"thumbnailUrl\":\"https:\\\/\\\/dineandsleep.de\\\/hamburg-480230152974931\\\/wp-content\\\/uploads\\\/2025\\\/06\\\/1260X985.png\",\"datePublished\":\"2025-06-09T12:09:06+00:00\",\"dateModified\":\"2025-07-24T16:38:13+00:00\",\"description\":\"Gastronomie Magazin, Aktuelle Trends, spannende Geschichten und kulinarische Vielfalt\",\"breadcrumb\":{\"@id\":\"https:\\\/\\\/dineandsleep.de\\\/hamburg-restaurant-tipps\\\/seo\\\/gastronomie-magazin\\\/#breadcrumb\"},\"inLanguage\":\"de\",\"potentialAction\":[{\"@type\":\"ReadAction\",\"target\":[\"https:\\\/\\\/dineandsleep.de\\\/hamburg-restaurant-tipps\\\/seo\\\/gastronomie-magazin\\\/\"]}]},{\"@type\":\"ImageObject\",\"inLanguage\":\"de\",\"@id\":\"https:\\\/\\\/dineandsleep.de\\\/hamburg-restaurant-tipps\\\/seo\\\/gastronomie-magazin\\\/#primaryimage\",\"url\":\"https:\\\/\\\/dineandsleep.de\\\/hamburg-480230152974931\\\/wp-content\\\/uploads\\\/2025\\\/06\\\/1260X985.png\",\"contentUrl\":\"https:\\\/\\\/dineandsleep.de\\\/hamburg-480230152974931\\\/wp-content\\\/uploads\\\/2025\\\/06\\\/1260X985.png\"},{\"@type\":\"BreadcrumbList\",\"@id\":\"https:\\\/\\\/dineandsleep.de\\\/hamburg-restaurant-tipps\\\/seo\\\/gastronomie-magazin\\\/#breadcrumb\",\"itemListElement\":[{\"@type\":\"ListItem\",\"position\":1,\"name\":\"Home\",\"item\":\"https:\\\/\\\/dineandsleep.de\\\/hamburg-restaurant-tipps\\\/\"},{\"@type\":\"ListItem\",\"position\":2,\"name\":\"SEO\",\"item\":\"https:\\\/\\\/dineandsleep.de\\\/hamburg-restaurant-tipps\\\/seo\\\/\"},{\"@type\":\"ListItem\",\"position\":3,\"name\":\"Gastronomie Magazin\"}]},{\"@type\":\"WebSite\",\"@id\":\"https:\\\/\\\/dineandsleep.de\\\/hamburg-restaurant-tipps\\\/#website\",\"url\":\"https:\\\/\\\/dineandsleep.de\\\/hamburg-restaurant-tipps\\\/\",\"name\":\"Dine & Sleep\",\"description\":\"Alles f\u00fcr Genie\u00dfer &amp; Reisende\",\"publisher\":{\"@id\":\"https:\\\/\\\/dineandsleep.de\\\/hamburg-restaurant-tipps\\\/#organization\"},\"alternateName\":\"Dine & Sleep\",\"potentialAction\":[{\"@type\":\"SearchAction\",\"target\":{\"@type\":\"EntryPoint\",\"urlTemplate\":\"https:\\\/\\\/dineandsleep.de\\\/hamburg-restaurant-tipps\\\/?s={search_term_string}\"},\"query-input\":{\"@type\":\"PropertyValueSpecification\",\"valueRequired\":true,\"valueName\":\"search_term_string\"}}],\"inLanguage\":\"de\"},{\"@type\":\"Organization\",\"@id\":\"https:\\\/\\\/dineandsleep.de\\\/hamburg-restaurant-tipps\\\/#organization\",\"name\":\"Dine & Sleep\",\"alternateName\":\"Dine & Sleep\",\"url\":\"https:\\\/\\\/dineandsleep.de\\\/hamburg-restaurant-tipps\\\/\",\"logo\":{\"@type\":\"ImageObject\",\"inLanguage\":\"de\",\"@id\":\"https:\\\/\\\/dineandsleep.de\\\/hamburg-restaurant-tipps\\\/#\\\/schema\\\/logo\\\/image\\\/\",\"url\":\"https:\\\/\\\/dineandsleep.de\\\/hamburg-480230152974931\\\/wp-content\\\/uploads\\\/2025\\\/06\\\/favicon.png\",\"contentUrl\":\"https:\\\/\\\/dineandsleep.de\\\/hamburg-480230152974931\\\/wp-content\\\/uploads\\\/2025\\\/06\\\/favicon.png\",\"width\":512,\"height\":512,\"caption\":\"Dine & Sleep\"},\"image\":{\"@id\":\"https:\\\/\\\/dineandsleep.de\\\/hamburg-restaurant-tipps\\\/#\\\/schema\\\/logo\\\/image\\\/\"}}]}<\/script>\n<!-- \/ Yoast SEO plugin. -->","yoast_head_json":{"title":"Gastronomie Magazin","description":"Gastronomie Magazin, Aktuelle Trends, spannende Geschichten und kulinarische Vielfalt","robots":{"index":"index","follow":"follow","max-snippet":"max-snippet:-1","max-image-preview":"max-image-preview:large","max-video-preview":"max-video-preview:-1"},"canonical":"https:\/\/dineandsleep.de\/hamburg-restaurant-tipps\/seo\/gastronomie-magazin\/","og_locale":"de_DE","og_type":"article","og_title":"Gastronomie Magazin","og_description":"Gastronomie Magazin, Aktuelle Trends, spannende Geschichten und kulinarische Vielfalt","og_url":"https:\/\/dineandsleep.de\/hamburg-restaurant-tipps\/seo\/gastronomie-magazin\/","og_site_name":"Dine &amp; Sleep","article_modified_time":"2025-07-24T16:38:13+00:00","og_image":[{"url":"https:\/\/dineandsleep.de\/hamburg-480230152974931\/wp-content\/uploads\/2025\/06\/1260X985.png","type":"","width":"","height":""}],"twitter_card":"summary_large_image","twitter_misc":{"Gesch\u00e4tzte Lesezeit":"2\u00a0Minuten"},"schema":{"@context":"https:\/\/schema.org","@graph":[{"@type":"WebPage","@id":"https:\/\/dineandsleep.de\/hamburg-restaurant-tipps\/seo\/gastronomie-magazin\/","url":"https:\/\/dineandsleep.de\/hamburg-restaurant-tipps\/seo\/gastronomie-magazin\/","name":"Gastronomie Magazin","isPartOf":{"@id":"https:\/\/dineandsleep.de\/hamburg-restaurant-tipps\/#website"},"primaryImageOfPage":{"@id":"https:\/\/dineandsleep.de\/hamburg-restaurant-tipps\/seo\/gastronomie-magazin\/#primaryimage"},"image":{"@id":"https:\/\/dineandsleep.de\/hamburg-restaurant-tipps\/seo\/gastronomie-magazin\/#primaryimage"},"thumbnailUrl":"https:\/\/dineandsleep.de\/hamburg-480230152974931\/wp-content\/uploads\/2025\/06\/1260X985.png","datePublished":"2025-06-09T12:09:06+00:00","dateModified":"2025-07-24T16:38:13+00:00","description":"Gastronomie Magazin, Aktuelle Trends, spannende Geschichten und kulinarische Vielfalt","breadcrumb":{"@id":"https:\/\/dineandsleep.de\/hamburg-restaurant-tipps\/seo\/gastronomie-magazin\/#breadcrumb"},"inLanguage":"de","potentialAction":[{"@type":"ReadAction","target":["https:\/\/dineandsleep.de\/hamburg-restaurant-tipps\/seo\/gastronomie-magazin\/"]}]},{"@type":"ImageObject","inLanguage":"de","@id":"https:\/\/dineandsleep.de\/hamburg-restaurant-tipps\/seo\/gastronomie-magazin\/#primaryimage","url":"https:\/\/dineandsleep.de\/hamburg-480230152974931\/wp-content\/uploads\/2025\/06\/1260X985.png","contentUrl":"https:\/\/dineandsleep.de\/hamburg-480230152974931\/wp-content\/uploads\/2025\/06\/1260X985.png"},{"@type":"BreadcrumbList","@id":"https:\/\/dineandsleep.de\/hamburg-restaurant-tipps\/seo\/gastronomie-magazin\/#breadcrumb","itemListElement":[{"@type":"ListItem","position":1,"name":"Home","item":"https:\/\/dineandsleep.de\/hamburg-restaurant-tipps\/"},{"@type":"ListItem","position":2,"name":"SEO","item":"https:\/\/dineandsleep.de\/hamburg-restaurant-tipps\/seo\/"},{"@type":"ListItem","position":3,"name":"Gastronomie Magazin"}]},{"@type":"WebSite","@id":"https:\/\/dineandsleep.de\/hamburg-restaurant-tipps\/#website","url":"https:\/\/dineandsleep.de\/hamburg-restaurant-tipps\/","name":"Dine & Sleep","description":"Alles f\u00fcr Genie\u00dfer &amp; Reisende","publisher":{"@id":"https:\/\/dineandsleep.de\/hamburg-restaurant-tipps\/#organization"},"alternateName":"Dine & Sleep","potentialAction":[{"@type":"SearchAction","target":{"@type":"EntryPoint","urlTemplate":"https:\/\/dineandsleep.de\/hamburg-restaurant-tipps\/?s={search_term_string}"},"query-input":{"@type":"PropertyValueSpecification","valueRequired":true,"valueName":"search_term_string"}}],"inLanguage":"de"},{"@type":"Organization","@id":"https:\/\/dineandsleep.de\/hamburg-restaurant-tipps\/#organization","name":"Dine & Sleep","alternateName":"Dine & Sleep","url":"https:\/\/dineandsleep.de\/hamburg-restaurant-tipps\/","logo":{"@type":"ImageObject","inLanguage":"de","@id":"https:\/\/dineandsleep.de\/hamburg-restaurant-tipps\/#\/schema\/logo\/image\/","url":"https:\/\/dineandsleep.de\/hamburg-480230152974931\/wp-content\/uploads\/2025\/06\/favicon.png","contentUrl":"https:\/\/dineandsleep.de\/hamburg-480230152974931\/wp-content\/uploads\/2025\/06\/favicon.png","width":512,"height":512,"caption":"Dine & Sleep"},"image":{"@id":"https:\/\/dineandsleep.de\/hamburg-restaurant-tipps\/#\/schema\/logo\/image\/"}}]}},"_links":{"self":[{"href":"https:\/\/dineandsleep.de\/hamburg-restaurant-tipps\/wp-json\/wp\/v2\/pages\/2581","targetHints":{"allow":["GET"]}}],"collection":[{"href":"https:\/\/dineandsleep.de\/hamburg-restaurant-tipps\/wp-json\/wp\/v2\/pages"}],"about":[{"href":"https:\/\/dineandsleep.de\/hamburg-restaurant-tipps\/wp-json\/wp\/v2\/types\/page"}],"author":[{"embeddable":true,"href":"https:\/\/dineandsleep.de\/hamburg-restaurant-tipps\/wp-json\/wp\/v2\/users\/1"}],"replies":[{"embeddable":true,"href":"https:\/\/dineandsleep.de\/hamburg-restaurant-tipps\/wp-json\/wp\/v2\/comments?post=2581"}],"version-history":[{"count":2,"href":"https:\/\/dineandsleep.de\/hamburg-restaurant-tipps\/wp-json\/wp\/v2\/pages\/2581\/revisions"}],"predecessor-version":[{"id":3862,"href":"https:\/\/dineandsleep.de\/hamburg-restaurant-tipps\/wp-json\/wp\/v2\/pages\/2581\/revisions\/3862"}],"up":[{"embeddable":true,"href":"https:\/\/dineandsleep.de\/hamburg-restaurant-tipps\/wp-json\/wp\/v2\/pages\/2427"}],"wp:attachment":[{"href":"https:\/\/dineandsleep.de\/hamburg-restaurant-tipps\/wp-json\/wp\/v2\/media?parent=2581"}],"curies":[{"name":"wp","href":"https:\/\/api.w.org\/{rel}","templated":true}]}}